{"id":4594,"date":"2018-11-04T17:20:49","date_gmt":"2018-11-04T16:20:49","guid":{"rendered":"https:\/\/restauration-galaxy-tapis.com\/?page_id=4594"},"modified":"2019-04-10T17:48:47","modified_gmt":"2019-04-10T15:48:47","slug":"restauracion","status":"publish","type":"page","link":"https:\/\/restauration-galaxy-tapis.com\/es\/restauracion\/","title":{"rendered":"Restauraci\u00f3n"},"content":{"rendered":"<p>Restauraci\u00f3n de alfombras Garantizamos la restauraci\u00f3n de su alfombra vieja (lavado y reparaci\u00f3n) en las normativas m\u00e1s estrictas, a saber, el respeto por los pigmentos de color, el revestimiento, el tratamiento y el reemplazo de las fibras de las telas.. Alfombras y al <a href=\"https:\/\/restauration-galaxy-tapis.com\/es\/restauracion\/\" title=\"Read more on Restauraci\u00f3n\" class=\"more-link\">read more<\/a><\/p>\n","protected":false},"excerpt":{"rendered":"<p>Restauraci\u00f3n de alfombras Garantizamos la restauraci\u00f3n de su alfombra vieja (lavado y reparaci\u00f3n) en las normativas m\u00e1s estrictas, a saber, el respeto por los pigmentos de color, el revestimiento, el tratamiento y el reemplazo de las fibras de las telas.. Alfombras y al read more<\/p>\n","protected":false},"author":1,"featured_media":0,"parent":0,"menu_order":0,"comment_status":"closed","ping_status":"closed","template":"","meta":{"_bbp_topic_count":0,"_bbp_reply_count":0,"_bbp_total_topic_count":0,"_bbp_total_reply_count":0,"_bbp_voice_count":0,"_bbp_anonymous_reply_count":0,"_bbp_topic_count_hidden":0,"_bbp_reply_count_hidden":0,"_bbp_forum_subforum_count":0,"_monsterinsights_skip_tracking":false,"_monsterinsights_sitenote_active":false,"_monsterinsights_sitenote_note":"","_monsterinsights_sitenote_category":0,"footnotes":""},"class_list":["post-4594","page","type-page","status-publish","hentry","no-thumb"],"yoast_head":"<!-- This site is optimized with the Yoast SEO plugin v26.0 - https:\/\/yoast.com\/wordpress\/plugins\/seo\/ -->\n<title>Restauraci\u00f3n | Restauraci\u00f3n de alfombras | Alfombra 100% seda | Galaxy<\/title>\n<meta name=\"description\" content=\"Restauraci\u00f3n - Alfombras y alfombras antiguas y antiguas - Alfombra contemporanea - Alfombra 100% seda - Alfombras y tapicer\u00eda de lana...\" \/>\n<meta name=\"robots\" content=\"index, follow, max-snippet:-1, max-image-preview:large, max-video-preview:-1\" \/>\n<link rel=\"canonical\" href=\"https:\/\/restauration-galaxy-tapis.com\/restauration\/\" \/>\n<meta property=\"og:locale\" content=\"es_ES\" \/>\n<meta property=\"og:type\" content=\"article\" \/>\n<meta property=\"og:title\" content=\"Restauraci\u00f3n | Restauraci\u00f3n de alfombras | Alfombra 100% seda | Galaxy\" \/>\n<meta property=\"og:description\" content=\"Restauraci\u00f3n - Alfombras y alfombras antiguas y antiguas - Alfombra contemporanea - Alfombra 100% seda - Alfombras y tapicer\u00eda de lana...\" \/>\n<meta property=\"og:url\" content=\"https:\/\/restauration-galaxy-tapis.com\/restauration\/\" \/>\n<meta property=\"og:site_name\" content=\"Restauration de tapis en \u00cele-de-France\" \/>\n<meta property=\"article:publisher\" content=\"https:\/\/www.facebook.com\/Galaxytapis-Galaxy-International-216753751716632\" \/>\n<meta property=\"article:modified_time\" content=\"2019-04-10T15:48:47+00:00\" \/>\n<meta name=\"twitter:card\" content=\"summary_large_image\" \/>\n<meta name=\"twitter:site\" content=\"@GalaxyTapis\" \/>\n<meta name=\"twitter:label1\" content=\"Tiempo de lectura\" \/>\n\t<meta name=\"twitter:data1\" content=\"11 minutos\" \/>\n<script type=\"application\/ld+json\" class=\"yoast-schema-graph\">{\"@context\":\"https:\/\/schema.org\",\"@graph\":[{\"@type\":\"WebPage\",\"@id\":\"https:\/\/restauration-galaxy-tapis.com\/restauration\/\",\"url\":\"https:\/\/restauration-galaxy-tapis.com\/restauration\/\",\"name\":\"Restauraci\u00f3n | Restauraci\u00f3n de alfombras | Alfombra 100% seda | Galaxy\",\"isPartOf\":{\"@id\":\"https:\/\/restauration-galaxy-tapis.com\/#website\"},\"datePublished\":\"2018-11-04T16:20:49+00:00\",\"dateModified\":\"2019-04-10T15:48:47+00:00\",\"description\":\"Restauraci\u00f3n - Alfombras y alfombras antiguas y antiguas - Alfombra contemporanea - Alfombra 100% seda - Alfombras y tapicer\u00eda de lana...\",\"breadcrumb\":{\"@id\":\"https:\/\/restauration-galaxy-tapis.com\/restauration\/#breadcrumb\"},\"inLanguage\":\"es\",\"potentialAction\":[{\"@type\":\"ReadAction\",\"target\":[\"https:\/\/restauration-galaxy-tapis.com\/restauration\/\"]}]},{\"@type\":\"BreadcrumbList\",\"@id\":\"https:\/\/restauration-galaxy-tapis.com\/restauration\/#breadcrumb\",\"itemListElement\":[{\"@type\":\"ListItem\",\"position\":1,\"name\":\"Accueil\",\"item\":\"https:\/\/restauration-galaxy-tapis.com\/\"},{\"@type\":\"ListItem\",\"position\":2,\"name\":\"Restauraci\u00f3n\"}]},{\"@type\":\"WebSite\",\"@id\":\"https:\/\/restauration-galaxy-tapis.com\/#website\",\"url\":\"https:\/\/restauration-galaxy-tapis.com\/\",\"name\":\"Restauration de tapis en France\",\"description\":\"L&#039;Art de restaurer les tapis.\",\"potentialAction\":[{\"@type\":\"SearchAction\",\"target\":{\"@type\":\"EntryPoint\",\"urlTemplate\":\"https:\/\/restauration-galaxy-tapis.com\/?s={search_term_string}\"},\"query-input\":{\"@type\":\"PropertyValueSpecification\",\"valueRequired\":true,\"valueName\":\"search_term_string\"}}],\"inLanguage\":\"es\"}]}<\/script>\n<!-- \/ Yoast SEO plugin. -->","yoast_head_json":{"title":"Restauraci\u00f3n | Restauraci\u00f3n de alfombras | Alfombra 100% seda | Galaxy","description":"Restauraci\u00f3n - Alfombras y alfombras antiguas y antiguas - Alfombra contemporanea - Alfombra 100% seda - Alfombras y tapicer\u00eda de lana...","robots":{"index":"index","follow":"follow","max-snippet":"max-snippet:-1","max-image-preview":"max-image-preview:large","max-video-preview":"max-video-preview:-1"},"canonical":"https:\/\/restauration-galaxy-tapis.com\/restauration\/","og_locale":"es_ES","og_type":"article","og_title":"Restauraci\u00f3n | Restauraci\u00f3n de alfombras | Alfombra 100% seda | Galaxy","og_description":"Restauraci\u00f3n - Alfombras y alfombras antiguas y antiguas - Alfombra contemporanea - Alfombra 100% seda - Alfombras y tapicer\u00eda de lana...","og_url":"https:\/\/restauration-galaxy-tapis.com\/restauration\/","og_site_name":"Restauration de tapis en \u00cele-de-France","article_publisher":"https:\/\/www.facebook.com\/Galaxytapis-Galaxy-International-216753751716632","article_modified_time":"2019-04-10T15:48:47+00:00","twitter_card":"summary_large_image","twitter_site":"@GalaxyTapis","twitter_misc":{"Tiempo de lectura":"11 minutos"},"schema":{"@context":"https:\/\/schema.org","@graph":[{"@type":"WebPage","@id":"https:\/\/restauration-galaxy-tapis.com\/restauration\/","url":"https:\/\/restauration-galaxy-tapis.com\/restauration\/","name":"Restauraci\u00f3n | Restauraci\u00f3n de alfombras | Alfombra 100% seda | Galaxy","isPartOf":{"@id":"https:\/\/restauration-galaxy-tapis.com\/#website"},"datePublished":"2018-11-04T16:20:49+00:00","dateModified":"2019-04-10T15:48:47+00:00","description":"Restauraci\u00f3n - Alfombras y alfombras antiguas y antiguas - Alfombra contemporanea - Alfombra 100% seda - Alfombras y tapicer\u00eda de lana...","breadcrumb":{"@id":"https:\/\/restauration-galaxy-tapis.com\/restauration\/#breadcrumb"},"inLanguage":"es","potentialAction":[{"@type":"ReadAction","target":["https:\/\/restauration-galaxy-tapis.com\/restauration\/"]}]},{"@type":"BreadcrumbList","@id":"https:\/\/restauration-galaxy-tapis.com\/restauration\/#breadcrumb","itemListElement":[{"@type":"ListItem","position":1,"name":"Accueil","item":"https:\/\/restauration-galaxy-tapis.com\/"},{"@type":"ListItem","position":2,"name":"Restauraci\u00f3n"}]},{"@type":"WebSite","@id":"https:\/\/restauration-galaxy-tapis.com\/#website","url":"https:\/\/restauration-galaxy-tapis.com\/","name":"Restauration de tapis en France","description":"L&#039;Art de restaurer les tapis.","potentialAction":[{"@type":"SearchAction","target":{"@type":"EntryPoint","urlTemplate":"https:\/\/restauration-galaxy-tapis.com\/?s={search_term_string}"},"query-input":{"@type":"PropertyValueSpecification","valueRequired":true,"valueName":"search_term_string"}}],"inLanguage":"es"}]}},"_links":{"self":[{"href":"https:\/\/restauration-galaxy-tapis.com\/es\/wp-json\/wp\/v2\/pages\/4594","targetHints":{"allow":["GET"]}}],"collection":[{"href":"https:\/\/restauration-galaxy-tapis.com\/es\/wp-json\/wp\/v2\/pages"}],"about":[{"href":"https:\/\/restauration-galaxy-tapis.com\/es\/wp-json\/wp\/v2\/types\/page"}],"author":[{"embeddable":true,"href":"https:\/\/restauration-galaxy-tapis.com\/es\/wp-json\/wp\/v2\/users\/1"}],"replies":[{"embeddable":true,"href":"https:\/\/restauration-galaxy-tapis.com\/es\/wp-json\/wp\/v2\/comments?post=4594"}],"version-history":[{"count":0,"href":"https:\/\/restauration-galaxy-tapis.com\/es\/wp-json\/wp\/v2\/pages\/4594\/revisions"}],"wp:attachment":[{"href":"https:\/\/restauration-galaxy-tapis.com\/es\/wp-json\/wp\/v2\/media?parent=4594"}],"curies":[{"name":"wp","href":"https:\/\/api.w.org\/{rel}","templated":true}]}}